{"id":36,"date":"2025-11-27T12:30:46","date_gmt":"2025-11-27T11:30:46","guid":{"rendered":"https:\/\/rosie-coton.fr\/?page_id=36"},"modified":"2025-11-27T16:18:24","modified_gmt":"2025-11-27T15:18:24","slug":"test","status":"publish","type":"page","link":"https:\/\/rosie-coton.fr\/","title":{"rendered":"Pr\u00e9sentation"},"content":{"rendered":"\n<div class=\"wp-block-group alignfull scroll-container is-layout-constrained wp-block-group-is-layout-constrained\">\n<div class=\"wp-block-group alignfull scroll-section is-nowrap is-layout-flex wp-container-core-group-is-layout-ecba6b92 wp-block-group-is-layout-flex\" id=\"partie1\" style=\"min-height:100vh;margin-top:0;margin-bottom:0\">\n<div class=\"wp-block-group is-nowrap is-layout-flex wp-container-core-group-is-layout-6c531013 wp-block-group-is-layout-flex\">\n<figure class=\"wp-block-image size-large is-resized is-style-rounded\"><img loading=\"lazy\" decoding=\"async\" width=\"1024\" height=\"768\" src=\"https:\/\/rosie-coton.fr\/wp-content\/uploads\/2025\/11\/IMG-20250620-WA0020-1024x768.jpg\" alt=\"\" class=\"wp-image-8\" style=\"width:935px;height:auto\" srcset=\"https:\/\/rosie-coton.fr\/wp-content\/uploads\/2025\/11\/IMG-20250620-WA0020-1024x768.jpg 1024w, https:\/\/rosie-coton.fr\/wp-content\/uploads\/2025\/11\/IMG-20250620-WA0020-300x225.jpg 300w, https:\/\/rosie-coton.fr\/wp-content\/uploads\/2025\/11\/IMG-20250620-WA0020-768x576.jpg 768w, https:\/\/rosie-coton.fr\/wp-content\/uploads\/2025\/11\/IMG-20250620-WA0020-1536x1152.jpg 1536w, https:\/\/rosie-coton.fr\/wp-content\/uploads\/2025\/11\/IMG-20250620-WA0020.jpg 2016w\" sizes=\"auto, (max-width: 1024px) 100vw, 1024px\" \/><\/figure>\n<\/div>\n\n\n\n<p class=\"has-large-font-size\">Je suis Juliette, une couturi\u00e8re qui vous accompagneras pour toutes vos demandes.<br>Je me sp\u00e9cialise dans les travaux m\u00e9dievaux et de b\u00e9hourd.<\/p>\n<\/div>\n\n\n\n<div class=\"wp-block-columns alignfull are-vertically-aligned-center scroll-section has-base-background-color has-background has-x-large-font-size is-layout-flex wp-container-core-columns-is-layout-d9884270 wp-block-columns-is-layout-flex\" id=\"partie2\" style=\"padding-top:0;padding-bottom:0\">\n<div class=\"wp-block-column is-vertically-aligned-center is-layout-flow wp-block-column-is-layout-flow\" style=\"flex-basis:33.32%\">\n<figure class=\"wp-block-image size-large is-style-rounded\"><img loading=\"lazy\" decoding=\"async\" width=\"768\" height=\"1024\" src=\"https:\/\/rosie-coton.fr\/wp-content\/uploads\/2025\/11\/IMG-20250620-WA0004-768x1024.jpg\" alt=\"\" class=\"wp-image-7\" srcset=\"https:\/\/rosie-coton.fr\/wp-content\/uploads\/2025\/11\/IMG-20250620-WA0004-768x1024.jpg 768w, https:\/\/rosie-coton.fr\/wp-content\/uploads\/2025\/11\/IMG-20250620-WA0004-225x300.jpg 225w, https:\/\/rosie-coton.fr\/wp-content\/uploads\/2025\/11\/IMG-20250620-WA0004-1152x1536.jpg 1152w, https:\/\/rosie-coton.fr\/wp-content\/uploads\/2025\/11\/IMG-20250620-WA0004.jpg 1200w\" sizes=\"auto, (max-width: 768px) 100vw, 768px\" \/><\/figure>\n<\/div>\n\n\n\n<div class=\"wp-block-column is-vertically-aligned-center is-layout-flow wp-block-column-is-layout-flow\" style=\"flex-basis:66.68%\">\n<p class=\"has-large-font-size\">Explications courte en quelques mots<\/p>\n\n\n\n<figure class=\"wp-block-gallery has-nested-images columns-default is-cropped wp-block-gallery-1 is-layout-flex wp-block-gallery-is-layout-flex\">\n<figure class=\"wp-block-image size-large\"><img loading=\"lazy\" decoding=\"async\" width=\"765\" height=\"765\" data-id=\"88\" src=\"https:\/\/rosie-coton.fr\/wp-content\/uploads\/2025\/11\/IMG_20250706_093928_021-edited.jpg\" alt=\"\" class=\"wp-image-88\" srcset=\"https:\/\/rosie-coton.fr\/wp-content\/uploads\/2025\/11\/IMG_20250706_093928_021-edited.jpg 765w, https:\/\/rosie-coton.fr\/wp-content\/uploads\/2025\/11\/IMG_20250706_093928_021-edited-300x300.jpg 300w, https:\/\/rosie-coton.fr\/wp-content\/uploads\/2025\/11\/IMG_20250706_093928_021-edited-150x150.jpg 150w\" sizes=\"auto, (max-width: 765px) 100vw, 765px\" \/><\/figure>\n\n\n\n<figure class=\"wp-block-image size-large\"><img loading=\"lazy\" decoding=\"async\" width=\"768\" height=\"1024\" data-id=\"12\" src=\"https:\/\/rosie-coton.fr\/wp-content\/uploads\/2025\/11\/IMG_20250704_203605-768x1024.jpg\" alt=\"\" class=\"wp-image-12\" srcset=\"https:\/\/rosie-coton.fr\/wp-content\/uploads\/2025\/11\/IMG_20250704_203605-768x1024.jpg 768w, https:\/\/rosie-coton.fr\/wp-content\/uploads\/2025\/11\/IMG_20250704_203605-225x300.jpg 225w, https:\/\/rosie-coton.fr\/wp-content\/uploads\/2025\/11\/IMG_20250704_203605-1152x1536.jpg 1152w, https:\/\/rosie-coton.fr\/wp-content\/uploads\/2025\/11\/IMG_20250704_203605.jpg 1200w\" sizes=\"auto, (max-width: 768px) 100vw, 768px\" \/><\/figure>\n\n\n\n<figure class=\"wp-block-image size-large\"><img loading=\"lazy\" decoding=\"async\" width=\"768\" height=\"1024\" data-id=\"11\" src=\"https:\/\/rosie-coton.fr\/wp-content\/uploads\/2025\/11\/IMG-20250620-WA0045-768x1024.jpg\" alt=\"\" class=\"wp-image-11\" srcset=\"https:\/\/rosie-coton.fr\/wp-content\/uploads\/2025\/11\/IMG-20250620-WA0045-768x1024.jpg 768w, https:\/\/rosie-coton.fr\/wp-content\/uploads\/2025\/11\/IMG-20250620-WA0045-225x300.jpg 225w, https:\/\/rosie-coton.fr\/wp-content\/uploads\/2025\/11\/IMG-20250620-WA0045-1152x1536.jpg 1152w, https:\/\/rosie-coton.fr\/wp-content\/uploads\/2025\/11\/IMG-20250620-WA0045.jpg 1512w\" sizes=\"auto, (max-width: 768px) 100vw, 768px\" \/><\/figure>\n<\/figure>\n<\/div>\n<\/div>\n<\/div>\n\n\n\n<p><\/p>\n","protected":false},"excerpt":{"rendered":"<p>Je suis Juliette, une couturi\u00e8re qui vous accompagneras pour toutes vos demandes.Je me sp\u00e9cialise dans les travaux m\u00e9dievaux et de b\u00e9hourd. Explications courte en quelques mots<\/p>\n","protected":false},"author":1,"featured_media":0,"parent":0,"menu_order":0,"comment_status":"closed","ping_status":"closed","template":"page-no-title","meta":{"footnotes":""},"class_list":["post-36","page","type-page","status-publish","hentry"],"_links":{"self":[{"href":"https:\/\/rosie-coton.fr\/index.php?rest_route=\/wp\/v2\/pages\/36","targetHints":{"allow":["GET"]}}],"collection":[{"href":"https:\/\/rosie-coton.fr\/index.php?rest_route=\/wp\/v2\/pages"}],"about":[{"href":"https:\/\/rosie-coton.fr\/index.php?rest_route=\/wp\/v2\/types\/page"}],"author":[{"embeddable":true,"href":"https:\/\/rosie-coton.fr\/index.php?rest_route=\/wp\/v2\/users\/1"}],"replies":[{"embeddable":true,"href":"https:\/\/rosie-coton.fr\/index.php?rest_route=%2Fwp%2Fv2%2Fcomments&post=36"}],"version-history":[{"count":46,"href":"https:\/\/rosie-coton.fr\/index.php?rest_route=\/wp\/v2\/pages\/36\/revisions"}],"predecessor-version":[{"id":151,"href":"https:\/\/rosie-coton.fr\/index.php?rest_route=\/wp\/v2\/pages\/36\/revisions\/151"}],"wp:attachment":[{"href":"https:\/\/rosie-coton.fr\/index.php?rest_route=%2Fwp%2Fv2%2Fmedia&parent=36"}],"curies":[{"name":"wp","href":"https:\/\/api.w.org\/{rel}","templated":true}]}}